{"id":3062,"date":"2024-11-27T14:45:37","date_gmt":"2024-11-27T12:45:37","guid":{"rendered":"https:\/\/alterart.ro\/?post_type=product&#038;p=3062"},"modified":"2025-10-14T00:45:05","modified_gmt":"2025-10-13T21:45:05","slug":"star-jar-demotivational","status":"publish","type":"product","link":"https:\/\/alterart.ro\/en\/product\/star-jar-demotivational\/","title":{"rendered":"Star Jar &#8211; Demotiva\u021bional"},"content":{"rendered":"","protected":false},"excerpt":{"rendered":"<p><strong>Stelute demotivationale<\/strong><br \/>\nOkay, probabil c\u0103 tu ai v\u0103zut multe, ai trecut prin multe, ai cam exagerat cu motiva\u021bia \u0219i tr\u0103itul a\u0219a c\u0103 borcanul acesta ar trebui sa te mai calmeze pu\u021bin&#8230;.prietenii t\u0103i probabil cred c\u0103 ar trebui s\u0103 o la\u0219i mai u\u0219or sau poate chiar tu ai realizat asta. Oricum, ai aici stelele moarte ale demotiva\u021biei de la marginea universului.<br \/>\nAcest borcan con\u021bine 30 de stele demotiva\u021bionale. Nu te sfii s\u0103 deschizi cate o stea atunci c\u00e2nd sim\u021bi c\u0103 optimismul te cople\u0219e\u0219te.<\/p>","protected":false},"featured_media":2996,"template":"","meta":{"nf_dc_page":"","_uag_custom_page_level_css":"","site-sidebar-layout":"default","site-content-layout":"","ast-site-content-layout":"default","site-content-style":"default","site-sidebar-style":"default","ast-global-header-display":"","ast-banner-title-visibility":"","ast-main-header-display":"","ast-hfb-above-header-display":"","ast-hfb-below-header-display":"","ast-hfb-mobile-header-display":"","site-post-title":"","ast-breadcrumbs-content":"","ast-featured-img":"","footer-sml-layout":"","ast-disable-related-posts":"","theme-transparent-header-meta":"default","adv-header-id-meta":"","stick-header-meta":"","header-above-stick-meta":"","header-main-stick-meta":"","header-below-stick-meta":"","astra-migrate-meta-layouts":"set","ast-page-background-enabled":"default","ast-page-background-meta":{"desktop":{"background-color":"","background-image":"","background-repeat":"repeat","background-position":"center center","background-size":"auto","background-attachment":"scroll","background-type":"","background-media":"","overlay-type":"","overlay-color":"","overlay-opacity":"","overlay-gradient":""},"tablet":{"background-color":"","background-image":"","background-repeat":"repeat","background-position":"center center","background-size":"auto","background-attachment":"scroll","background-type":"","background-media":"","overlay-type":"","overlay-color":"","overlay-opacity":"","overlay-gradient":""},"mobile":{"background-color":"","background-image":"","background-repeat":"repeat","background-position":"center center","background-size":"auto","background-attachment":"scroll","background-type":"","background-media":"","overlay-type":"","overlay-color":"","overlay-opacity":"","overlay-gradient":""}},"ast-content-background-meta":{"desktop":{"background-color":"var(--ast-global-color-5)","background-image":"","background-repeat":"repeat","background-position":"center center","background-size":"auto","background-attachment":"scroll","background-type":"","background-media":"","overlay-type":"","overlay-color":"","overlay-opacity":"","overlay-gradient":""},"tablet":{"background-color":"var(--ast-global-color-5)","background-image":"","background-repeat":"repeat","background-position":"center center","background-size":"auto","background-attachment":"scroll","background-type":"","background-media":"","overlay-type":"","overlay-color":"","overlay-opacity":"","overlay-gradient":""},"mobile":{"background-color":"var(--ast-global-color-5)","background-image":"","background-repeat":"repeat","background-position":"center center","background-size":"auto","background-attachment":"scroll","background-type":"","background-media":"","overlay-type":"","overlay-color":"","overlay-opacity":"","overlay-gradient":""}}},"product_brand":[],"product_cat":[42,109,80,108],"product_tag":[],"class_list":{"0":"post-3062","1":"product","2":"type-product","3":"status-publish","4":"has-post-thumbnail","6":"product_cat-dark","7":"product_cat-idei-de-cadouri","8":"product_cat-star-jar-2","9":"product_cat-sub-100-ron","10":"desktop-align-left","11":"tablet-align-left","12":"mobile-align-left","14":"first","15":"instock","16":"taxable","17":"shipping-taxable","18":"purchasable","19":"product-type-simple"},"yoast_head":"<!-- This site is optimized with the Yoast SEO plugin v27.4 - https:\/\/yoast.com\/product\/yoast-seo-wordpress\/ -->\n<title>Star Jar - Demotiva\u021bional - Alter Art<\/title>\n<meta name=\"robots\" content=\"index, follow, max-snippet:-1, max-image-preview:large, max-video-preview:-1\" \/>\n<link rel=\"canonical\" href=\"https:\/\/alterart.ro\/en\/staging\/3511\/product\/star-jar-demotivational\/\" \/>\n<meta property=\"og:locale\" content=\"en_GB\" \/>\n<meta property=\"og:type\" content=\"article\" \/>\n<meta property=\"og:title\" content=\"Star Jar - Demotiva\u021bional - Alter Art\" \/>\n<meta property=\"og:description\" content=\"Stelute demotivationale Okay, probabil c\u0103 tu ai v\u0103zut multe, ai trecut prin multe, ai cam exagerat cu motiva\u021bia \u0219i tr\u0103itul a\u0219a c\u0103 borcanul acesta ar trebui sa te mai calmeze pu\u021bin....prietenii t\u0103i probabil cred c\u0103 ar trebui s\u0103 o la\u0219i mai u\u0219or sau poate chiar tu ai realizat asta. Oricum, ai aici stelele moarte ale demotiva\u021biei de la marginea universului. Acest borcan con\u021bine 30 de stele demotiva\u021bionale. Nu te sfii s\u0103 deschizi cate o stea atunci c\u00e2nd sim\u021bi c\u0103 optimismul te cople\u0219e\u0219te.\" \/>\n<meta property=\"og:url\" content=\"https:\/\/alterart.ro\/en\/staging\/3511\/product\/star-jar-demotivational\/\" \/>\n<meta property=\"og:site_name\" content=\"Alter Art\" \/>\n<meta property=\"article:publisher\" content=\"https:\/\/www.facebook.com\/profile.php?id=61569981352093\" \/>\n<meta property=\"article:modified_time\" content=\"2025-10-13T21:45:05+00:00\" \/>\n<meta property=\"og:image\" content=\"https:\/\/alterart.ro\/staging\/3511\/wp-content\/uploads\/2024\/11\/IMG_50551-scaled.jpg\" \/>\n\t<meta property=\"og:image:width\" content=\"2560\" \/>\n\t<meta property=\"og:image:height\" content=\"1707\" \/>\n\t<meta property=\"og:image:type\" content=\"image\/jpeg\" \/>\n<meta name=\"twitter:card\" content=\"summary_large_image\" \/>\n<meta name=\"twitter:label1\" content=\"Estimated reading time\" \/>\n\t<meta name=\"twitter:data1\" content=\"1 minute\" \/>\n<script type=\"application\/ld+json\" class=\"yoast-schema-graph\">{\"@context\":\"https:\\\/\\\/schema.org\",\"@graph\":[{\"@type\":\"WebPage\",\"@id\":\"https:\\\/\\\/alterart.ro\\\/staging\\\/3511\\\/product\\\/star-jar-demotivational\\\/\",\"url\":\"https:\\\/\\\/alterart.ro\\\/staging\\\/3511\\\/product\\\/star-jar-demotivational\\\/\",\"name\":\"Star Jar - Demotiva\u021bional - Alter Art\",\"isPartOf\":{\"@id\":\"https:\\\/\\\/alterart.ro\\\/#website\"},\"primaryImageOfPage\":{\"@id\":\"https:\\\/\\\/alterart.ro\\\/staging\\\/3511\\\/product\\\/star-jar-demotivational\\\/#primaryimage\"},\"image\":{\"@id\":\"https:\\\/\\\/alterart.ro\\\/staging\\\/3511\\\/product\\\/star-jar-demotivational\\\/#primaryimage\"},\"thumbnailUrl\":\"https:\\\/\\\/alterart.ro\\\/wp-content\\\/uploads\\\/2024\\\/11\\\/IMG_50551-scaled.jpg\",\"datePublished\":\"2024-11-27T12:45:37+00:00\",\"dateModified\":\"2025-10-13T21:45:05+00:00\",\"breadcrumb\":{\"@id\":\"https:\\\/\\\/alterart.ro\\\/staging\\\/3511\\\/product\\\/star-jar-demotivational\\\/#breadcrumb\"},\"inLanguage\":\"en-GB\",\"potentialAction\":[{\"@type\":\"ReadAction\",\"target\":[\"https:\\\/\\\/alterart.ro\\\/staging\\\/3511\\\/product\\\/star-jar-demotivational\\\/\"]}]},{\"@type\":\"ImageObject\",\"inLanguage\":\"en-GB\",\"@id\":\"https:\\\/\\\/alterart.ro\\\/staging\\\/3511\\\/product\\\/star-jar-demotivational\\\/#primaryimage\",\"url\":\"https:\\\/\\\/alterart.ro\\\/wp-content\\\/uploads\\\/2024\\\/11\\\/IMG_50551-scaled.jpg\",\"contentUrl\":\"https:\\\/\\\/alterart.ro\\\/wp-content\\\/uploads\\\/2024\\\/11\\\/IMG_50551-scaled.jpg\",\"width\":2560,\"height\":1707},{\"@type\":\"BreadcrumbList\",\"@id\":\"https:\\\/\\\/alterart.ro\\\/staging\\\/3511\\\/product\\\/star-jar-demotivational\\\/#breadcrumb\",\"itemListElement\":[{\"@type\":\"ListItem\",\"position\":1,\"name\":\"Home\",\"item\":\"https:\\\/\\\/alterart.ro\\\/\"},{\"@type\":\"ListItem\",\"position\":2,\"name\":\"Store\",\"item\":\"https:\\\/\\\/alterart.ro\\\/store\\\/\"},{\"@type\":\"ListItem\",\"position\":3,\"name\":\"Star Jar &#8211; Demotiva\u021bional\"}]},{\"@type\":\"WebSite\",\"@id\":\"https:\\\/\\\/alterart.ro\\\/#website\",\"url\":\"https:\\\/\\\/alterart.ro\\\/\",\"name\":\"AlterArt\",\"description\":\"Shhh...\",\"publisher\":{\"@id\":\"https:\\\/\\\/alterart.ro\\\/#organization\"},\"alternateName\":\"alterart\",\"potentialAction\":[{\"@type\":\"SearchAction\",\"target\":{\"@type\":\"EntryPoint\",\"urlTemplate\":\"https:\\\/\\\/alterart.ro\\\/?s={search_term_string}\"},\"query-input\":{\"@type\":\"PropertyValueSpecification\",\"valueRequired\":true,\"valueName\":\"search_term_string\"}}],\"inLanguage\":\"en-GB\"},{\"@type\":\"Organization\",\"@id\":\"https:\\\/\\\/alterart.ro\\\/#organization\",\"name\":\"AlterArt\",\"url\":\"https:\\\/\\\/alterart.ro\\\/\",\"logo\":{\"@type\":\"ImageObject\",\"inLanguage\":\"en-GB\",\"@id\":\"https:\\\/\\\/alterart.ro\\\/#\\\/schema\\\/logo\\\/image\\\/\",\"url\":\"https:\\\/\\\/alterart.ro\\\/wp-content\\\/uploads\\\/2024\\\/10\\\/cropped-icon-removebg-preview-removebg-preview.png\",\"contentUrl\":\"https:\\\/\\\/alterart.ro\\\/wp-content\\\/uploads\\\/2024\\\/10\\\/cropped-icon-removebg-preview-removebg-preview.png\",\"width\":512,\"height\":512,\"caption\":\"AlterArt\"},\"image\":{\"@id\":\"https:\\\/\\\/alterart.ro\\\/#\\\/schema\\\/logo\\\/image\\\/\"},\"sameAs\":[\"https:\\\/\\\/www.facebook.com\\\/profile.php?id=61569981352093\",\"https:\\\/\\\/www.instagram.com\\\/alterartro\\\/profilecard\\\/?igsh=MXNibXh0eDFzZHh0\",\"https:\\\/\\\/www.tiktok.com\\\/@alterart7?_t=8rwklGSwY3a&_r=1\"]}]}<\/script>\n<!-- \/ Yoast SEO plugin. -->","yoast_head_json":{"title":"Star Jar - Demotiva\u021bional - Alter Art","robots":{"index":"index","follow":"follow","max-snippet":"max-snippet:-1","max-image-preview":"max-image-preview:large","max-video-preview":"max-video-preview:-1"},"canonical":"https:\/\/alterart.ro\/en\/staging\/3511\/product\/star-jar-demotivational\/","og_locale":"en_GB","og_type":"article","og_title":"Star Jar - Demotiva\u021bional - Alter Art","og_description":"Stelute demotivationale Okay, probabil c\u0103 tu ai v\u0103zut multe, ai trecut prin multe, ai cam exagerat cu motiva\u021bia \u0219i tr\u0103itul a\u0219a c\u0103 borcanul acesta ar trebui sa te mai calmeze pu\u021bin....prietenii t\u0103i probabil cred c\u0103 ar trebui s\u0103 o la\u0219i mai u\u0219or sau poate chiar tu ai realizat asta. Oricum, ai aici stelele moarte ale demotiva\u021biei de la marginea universului. Acest borcan con\u021bine 30 de stele demotiva\u021bionale. Nu te sfii s\u0103 deschizi cate o stea atunci c\u00e2nd sim\u021bi c\u0103 optimismul te cople\u0219e\u0219te.","og_url":"https:\/\/alterart.ro\/en\/staging\/3511\/product\/star-jar-demotivational\/","og_site_name":"Alter Art","article_publisher":"https:\/\/www.facebook.com\/profile.php?id=61569981352093","article_modified_time":"2025-10-13T21:45:05+00:00","og_image":[{"width":2560,"height":1707,"url":"https:\/\/alterart.ro\/staging\/3511\/wp-content\/uploads\/2024\/11\/IMG_50551-scaled.jpg","type":"image\/jpeg"}],"twitter_card":"summary_large_image","twitter_misc":{"Estimated reading time":"1 minute"},"schema":{"@context":"https:\/\/schema.org","@graph":[{"@type":"WebPage","@id":"https:\/\/alterart.ro\/staging\/3511\/product\/star-jar-demotivational\/","url":"https:\/\/alterart.ro\/staging\/3511\/product\/star-jar-demotivational\/","name":"Star Jar - Demotiva\u021bional - Alter Art","isPartOf":{"@id":"https:\/\/alterart.ro\/#website"},"primaryImageOfPage":{"@id":"https:\/\/alterart.ro\/staging\/3511\/product\/star-jar-demotivational\/#primaryimage"},"image":{"@id":"https:\/\/alterart.ro\/staging\/3511\/product\/star-jar-demotivational\/#primaryimage"},"thumbnailUrl":"https:\/\/alterart.ro\/wp-content\/uploads\/2024\/11\/IMG_50551-scaled.jpg","datePublished":"2024-11-27T12:45:37+00:00","dateModified":"2025-10-13T21:45:05+00:00","breadcrumb":{"@id":"https:\/\/alterart.ro\/staging\/3511\/product\/star-jar-demotivational\/#breadcrumb"},"inLanguage":"en-GB","potentialAction":[{"@type":"ReadAction","target":["https:\/\/alterart.ro\/staging\/3511\/product\/star-jar-demotivational\/"]}]},{"@type":"ImageObject","inLanguage":"en-GB","@id":"https:\/\/alterart.ro\/staging\/3511\/product\/star-jar-demotivational\/#primaryimage","url":"https:\/\/alterart.ro\/wp-content\/uploads\/2024\/11\/IMG_50551-scaled.jpg","contentUrl":"https:\/\/alterart.ro\/wp-content\/uploads\/2024\/11\/IMG_50551-scaled.jpg","width":2560,"height":1707},{"@type":"BreadcrumbList","@id":"https:\/\/alterart.ro\/staging\/3511\/product\/star-jar-demotivational\/#breadcrumb","itemListElement":[{"@type":"ListItem","position":1,"name":"Home","item":"https:\/\/alterart.ro\/"},{"@type":"ListItem","position":2,"name":"Store","item":"https:\/\/alterart.ro\/store\/"},{"@type":"ListItem","position":3,"name":"Star Jar &#8211; Demotiva\u021bional"}]},{"@type":"WebSite","@id":"https:\/\/alterart.ro\/#website","url":"https:\/\/alterart.ro\/","name":"AlterArt","description":"Shhh...","publisher":{"@id":"https:\/\/alterart.ro\/#organization"},"alternateName":"alterart","potentialAction":[{"@type":"SearchAction","target":{"@type":"EntryPoint","urlTemplate":"https:\/\/alterart.ro\/?s={search_term_string}"},"query-input":{"@type":"PropertyValueSpecification","valueRequired":true,"valueName":"search_term_string"}}],"inLanguage":"en-GB"},{"@type":"Organization","@id":"https:\/\/alterart.ro\/#organization","name":"AlterArt","url":"https:\/\/alterart.ro\/","logo":{"@type":"ImageObject","inLanguage":"en-GB","@id":"https:\/\/alterart.ro\/#\/schema\/logo\/image\/","url":"https:\/\/alterart.ro\/wp-content\/uploads\/2024\/10\/cropped-icon-removebg-preview-removebg-preview.png","contentUrl":"https:\/\/alterart.ro\/wp-content\/uploads\/2024\/10\/cropped-icon-removebg-preview-removebg-preview.png","width":512,"height":512,"caption":"AlterArt"},"image":{"@id":"https:\/\/alterart.ro\/#\/schema\/logo\/image\/"},"sameAs":["https:\/\/www.facebook.com\/profile.php?id=61569981352093","https:\/\/www.instagram.com\/alterartro\/profilecard\/?igsh=MXNibXh0eDFzZHh0","https:\/\/www.tiktok.com\/@alterart7?_t=8rwklGSwY3a&_r=1"]}]}},"uagb_featured_image_src":{"full":["https:\/\/alterart.ro\/wp-content\/uploads\/2024\/11\/IMG_50551-scaled.jpg",2560,1707,false],"thumbnail":["https:\/\/alterart.ro\/wp-content\/uploads\/2024\/11\/IMG_50551-150x150.jpg",150,150,true],"medium":["https:\/\/alterart.ro\/wp-content\/uploads\/2024\/11\/IMG_50551-300x200.jpg",300,200,true],"medium_large":["https:\/\/alterart.ro\/wp-content\/uploads\/2024\/11\/IMG_50551-768x512.jpg",768,512,true],"large":["https:\/\/alterart.ro\/wp-content\/uploads\/2024\/11\/IMG_50551-1024x683.jpg",1024,683,true],"1536x1536":["https:\/\/alterart.ro\/wp-content\/uploads\/2024\/11\/IMG_50551-1536x1024.jpg",1536,1024,true],"2048x2048":["https:\/\/alterart.ro\/wp-content\/uploads\/2024\/11\/IMG_50551-2048x1365.jpg",2048,1365,true],"trp-custom-language-flag":["https:\/\/alterart.ro\/wp-content\/uploads\/2024\/11\/IMG_50551-18x12.jpg",18,12,true],"woocommerce_thumbnail":["https:\/\/alterart.ro\/wp-content\/uploads\/2024\/11\/IMG_50551-300x300.jpg",300,300,true],"woocommerce_single":["https:\/\/alterart.ro\/wp-content\/uploads\/2024\/11\/IMG_50551-600x400.jpg",600,400,true],"woocommerce_gallery_thumbnail":["https:\/\/alterart.ro\/wp-content\/uploads\/2024\/11\/IMG_50551-100x100.jpg",100,100,true]},"uagb_author_info":{"display_name":"oana","author_link":"https:\/\/alterart.ro\/en\/author\/"},"uagb_comment_info":0,"uagb_excerpt":"Stelute demotivationale Okay, probabil c\u0103 tu ai v\u0103zut multe, ai trecut prin multe, ai cam exagerat cu motiva\u021bia \u0219i tr\u0103itul a\u0219a c\u0103 borcanul acesta ar trebui sa te mai calmeze pu\u021bin....prietenii t\u0103i probabil cred c\u0103 ar trebui s\u0103 o la\u0219i mai u\u0219or sau poate chiar tu ai realizat asta. Oricum, ai aici stelele moarte ale&hellip;","_links":{"self":[{"href":"https:\/\/alterart.ro\/en\/wp-json\/wp\/v2\/product\/3062","targetHints":{"allow":["GET"]}}],"collection":[{"href":"https:\/\/alterart.ro\/en\/wp-json\/wp\/v2\/product"}],"about":[{"href":"https:\/\/alterart.ro\/en\/wp-json\/wp\/v2\/types\/product"}],"wp:featuredmedia":[{"embeddable":true,"href":"https:\/\/alterart.ro\/en\/wp-json\/wp\/v2\/media\/2996"}],"wp:attachment":[{"href":"https:\/\/alterart.ro\/en\/wp-json\/wp\/v2\/media?parent=3062"}],"wp:term":[{"taxonomy":"product_brand","embeddable":true,"href":"https:\/\/alterart.ro\/en\/wp-json\/wp\/v2\/product_brand?post=3062"},{"taxonomy":"product_cat","embeddable":true,"href":"https:\/\/alterart.ro\/en\/wp-json\/wp\/v2\/product_cat?post=3062"},{"taxonomy":"product_tag","embeddable":true,"href":"https:\/\/alterart.ro\/en\/wp-json\/wp\/v2\/product_tag?post=3062"}],"curies":[{"name":"wp","href":"https:\/\/api.w.org\/{rel}","templated":true}]}}