{"id":3075,"date":"2024-11-27T21:08:08","date_gmt":"2024-11-27T19:08:08","guid":{"rendered":"https:\/\/alterart.ro\/?post_type=product&#038;p=3075"},"modified":"2025-10-14T00:44:41","modified_gmt":"2025-10-13T21:44:41","slug":"star-jar-craciun-in-doi","status":"publish","type":"product","link":"https:\/\/alterart.ro\/en\/product\/star-jar-craciun-in-doi\/","title":{"rendered":"Star Jar &#8211; Cr\u0103ciun \u00een doi"},"content":{"rendered":"","protected":false},"excerpt":{"rendered":"<p><strong>Star Jar &#8211; Cr\u0103ciun \u00een doi<\/strong><br \/>\nAcest borcan sub forma unui calendar de Advent con\u021bine 25 de stele \u0219i este destinat cuplurilor.<br \/>\n10 stele ro\u0219ii \u2013 filme romantice de Cr\u0103ciun<br \/>\n5 stele verde \u00eenchis &#8211; activit\u0103\u021bi de f\u0103cut \u00eempreun\u0103<br \/>\n10 stele verde deschis &#8211; replici despre iubire din filme de Cr\u0103ciun<\/p>\n<p><strong>Povestea<em> Star Jar (borcanele cu stele)<\/em><\/strong><br \/>\n<em>Cineva a spus \u201cSky is the limit\u201d, eu \u00eendr\u0103znesc s\u0103 \u00eel contrazic, \u0219i sper s\u0103 te conving \u0219i pe tine.<\/em><br \/>\n<em>Nu cred c\u0103 exist\u0103 limite. Noi oamenii tindem s\u0103 le cre\u0103m \u0219i s\u0103 le impunem. \u00cempreun\u0103 cu tine sper s\u0103 schimb\u0103m asta&#8230;a\u0219a \u00eencepe povestea borcanelor cu stele.<\/em><br \/>\n<em>Universul e \u00een continu\u0103 expansiune iar num\u0103rul stelelor se poate \u00een cel mai bun caz estima, de\u0219i ar putea la fel de bine s\u0103 fie infinit. A\u0219adar \u00ee\u021bi propun s\u0103 \u00ee\u021bi imaginezi universul ca fiind propria ta persoan\u0103 \u00eentr-o autocunoa\u0219tere \u0219i dezvoltare continu\u0103 iar stelele s\u0103-\u021bi fie lumina, speran\u021ba \u0219i motiva\u021bia ce te ghideaz\u0103 \u00een explorarea acestui univers.<\/em><\/p>","protected":false},"featured_media":3022,"template":"","meta":{"nf_dc_page":"","_uag_custom_page_level_css":"","site-sidebar-layout":"default","site-content-layout":"","ast-site-content-layout":"default","site-content-style":"default","site-sidebar-style":"default","ast-global-header-display":"","ast-banner-title-visibility":"","ast-main-header-display":"","ast-hfb-above-header-display":"","ast-hfb-below-header-display":"","ast-hfb-mobile-header-display":"","site-post-title":"","ast-breadcrumbs-content":"","ast-featured-img":"","footer-sml-layout":"","ast-disable-related-posts":"","theme-transparent-header-meta":"default","adv-header-id-meta":"","stick-header-meta":"","header-above-stick-meta":"","header-main-stick-meta":"","header-below-stick-meta":"","astra-migrate-meta-layouts":"set","ast-page-background-enabled":"default","ast-page-background-meta":{"desktop":{"background-color":"","background-image":"","background-repeat":"repeat","background-position":"center center","background-size":"auto","background-attachment":"scroll","background-type":"","background-media":"","overlay-type":"","overlay-color":"","overlay-opacity":"","overlay-gradient":""},"tablet":{"background-color":"","background-image":"","background-repeat":"repeat","background-position":"center center","background-size":"auto","background-attachment":"scroll","background-type":"","background-media":"","overlay-type":"","overlay-color":"","overlay-opacity":"","overlay-gradient":""},"mobile":{"background-color":"","background-image":"","background-repeat":"repeat","background-position":"center center","background-size":"auto","background-attachment":"scroll","background-type":"","background-media":"","overlay-type":"","overlay-color":"","overlay-opacity":"","overlay-gradient":""}},"ast-content-background-meta":{"desktop":{"background-color":"var(--ast-global-color-5)","background-image":"","background-repeat":"repeat","background-position":"center center","background-size":"auto","background-attachment":"scroll","background-type":"","background-media":"","overlay-type":"","overlay-color":"","overlay-opacity":"","overlay-gradient":""},"tablet":{"background-color":"var(--ast-global-color-5)","background-image":"","background-repeat":"repeat","background-position":"center center","background-size":"auto","background-attachment":"scroll","background-type":"","background-media":"","overlay-type":"","overlay-color":"","overlay-opacity":"","overlay-gradient":""},"mobile":{"background-color":"var(--ast-global-color-5)","background-image":"","background-repeat":"repeat","background-position":"center center","background-size":"auto","background-attachment":"scroll","background-type":"","background-media":"","overlay-type":"","overlay-color":"","overlay-opacity":"","overlay-gradient":""}}},"product_brand":[],"product_cat":[79,109,32,80,108],"product_tag":[],"class_list":{"0":"post-3075","1":"product","2":"type-product","3":"status-publish","4":"has-post-thumbnail","6":"product_cat-craciun-2","7":"product_cat-idei-de-cadouri","8":"product_cat-light","9":"product_cat-star-jar-2","10":"product_cat-sub-100-ron","11":"desktop-align-left","12":"tablet-align-left","13":"mobile-align-left","15":"first","16":"instock","17":"taxable","18":"shipping-taxable","19":"purchasable","20":"product-type-simple"},"yoast_head":"<!-- This site is optimized with the Yoast SEO plugin v27.4 - https:\/\/yoast.com\/product\/yoast-seo-wordpress\/ -->\n<title>Star Jar - Cr\u0103ciun \u00een doi - Alter Art<\/title>\n<meta name=\"robots\" content=\"index, follow, max-snippet:-1, max-image-preview:large, max-video-preview:-1\" \/>\n<link rel=\"canonical\" href=\"https:\/\/alterart.ro\/en\/staging\/3511\/product\/star-jar-craciun-in-doi\/\" \/>\n<meta property=\"og:locale\" content=\"en_GB\" \/>\n<meta property=\"og:type\" content=\"article\" \/>\n<meta property=\"og:title\" content=\"Star Jar - Cr\u0103ciun \u00een doi - Alter Art\" \/>\n<meta property=\"og:description\" content=\"Star Jar - Cr\u0103ciun \u00een doi Acest borcan sub forma unui calendar de Advent con\u021bine 25 de stele \u0219i este destinat cuplurilor. 10 stele ro\u0219ii \u2013 filme romantice de Cr\u0103ciun 5 stele verde \u00eenchis - activit\u0103\u021bi de f\u0103cut \u00eempreun\u0103 10 stele verde deschis - replici despre iubire din filme de Cr\u0103ciun  Povestea Star Jar (borcanele cu stele) Cineva a spus \u201cSky is the limit\u201d, eu \u00eendr\u0103znesc s\u0103 \u00eel contrazic, \u0219i sper s\u0103 te conving \u0219i pe tine. Nu cred c\u0103 exist\u0103 limite. Noi oamenii tindem s\u0103 le cre\u0103m \u0219i s\u0103 le impunem. \u00cempreun\u0103 cu tine sper s\u0103 schimb\u0103m asta...a\u0219a \u00eencepe povestea borcanelor cu stele. Universul e \u00een continu\u0103 expansiune iar num\u0103rul stelelor se poate \u00een cel mai bun caz estima, de\u0219i ar putea la fel de bine s\u0103 fie infinit. A\u0219adar \u00ee\u021bi propun s\u0103 \u00ee\u021bi imaginezi universul ca fiind propria ta persoan\u0103 \u00eentr-o autocunoa\u0219tere \u0219i dezvoltare continu\u0103 iar stelele s\u0103-\u021bi fie lumina, speran\u021ba \u0219i motiva\u021bia ce te ghideaz\u0103 \u00een explorarea acestui univers.\" \/>\n<meta property=\"og:url\" content=\"https:\/\/alterart.ro\/en\/staging\/3511\/product\/star-jar-craciun-in-doi\/\" \/>\n<meta property=\"og:site_name\" content=\"Alter Art\" \/>\n<meta property=\"article:publisher\" content=\"https:\/\/www.facebook.com\/profile.php?id=61569981352093\" \/>\n<meta property=\"article:modified_time\" content=\"2025-10-13T21:44:41+00:00\" \/>\n<meta property=\"og:image\" content=\"https:\/\/alterart.ro\/staging\/3511\/wp-content\/uploads\/2024\/11\/IMG_5171-scaled.jpg\" \/>\n\t<meta property=\"og:image:width\" content=\"2560\" \/>\n\t<meta property=\"og:image:height\" content=\"1707\" \/>\n\t<meta property=\"og:image:type\" content=\"image\/jpeg\" \/>\n<meta name=\"twitter:card\" content=\"summary_large_image\" \/>\n<meta name=\"twitter:label1\" content=\"Estimated reading time\" \/>\n\t<meta name=\"twitter:data1\" content=\"1 minute\" \/>\n<script type=\"application\/ld+json\" class=\"yoast-schema-graph\">{\"@context\":\"https:\\\/\\\/schema.org\",\"@graph\":[{\"@type\":\"WebPage\",\"@id\":\"https:\\\/\\\/alterart.ro\\\/staging\\\/3511\\\/product\\\/star-jar-craciun-in-doi\\\/\",\"url\":\"https:\\\/\\\/alterart.ro\\\/staging\\\/3511\\\/product\\\/star-jar-craciun-in-doi\\\/\",\"name\":\"Star Jar - Cr\u0103ciun \u00een doi - Alter Art\",\"isPartOf\":{\"@id\":\"https:\\\/\\\/alterart.ro\\\/#website\"},\"primaryImageOfPage\":{\"@id\":\"https:\\\/\\\/alterart.ro\\\/staging\\\/3511\\\/product\\\/star-jar-craciun-in-doi\\\/#primaryimage\"},\"image\":{\"@id\":\"https:\\\/\\\/alterart.ro\\\/staging\\\/3511\\\/product\\\/star-jar-craciun-in-doi\\\/#primaryimage\"},\"thumbnailUrl\":\"https:\\\/\\\/alterart.ro\\\/wp-content\\\/uploads\\\/2024\\\/11\\\/IMG_5171-scaled.jpg\",\"datePublished\":\"2024-11-27T19:08:08+00:00\",\"dateModified\":\"2025-10-13T21:44:41+00:00\",\"breadcrumb\":{\"@id\":\"https:\\\/\\\/alterart.ro\\\/staging\\\/3511\\\/product\\\/star-jar-craciun-in-doi\\\/#breadcrumb\"},\"inLanguage\":\"en-GB\",\"potentialAction\":[{\"@type\":\"ReadAction\",\"target\":[\"https:\\\/\\\/alterart.ro\\\/staging\\\/3511\\\/product\\\/star-jar-craciun-in-doi\\\/\"]}]},{\"@type\":\"ImageObject\",\"inLanguage\":\"en-GB\",\"@id\":\"https:\\\/\\\/alterart.ro\\\/staging\\\/3511\\\/product\\\/star-jar-craciun-in-doi\\\/#primaryimage\",\"url\":\"https:\\\/\\\/alterart.ro\\\/wp-content\\\/uploads\\\/2024\\\/11\\\/IMG_5171-scaled.jpg\",\"contentUrl\":\"https:\\\/\\\/alterart.ro\\\/wp-content\\\/uploads\\\/2024\\\/11\\\/IMG_5171-scaled.jpg\",\"width\":2560,\"height\":1707},{\"@type\":\"BreadcrumbList\",\"@id\":\"https:\\\/\\\/alterart.ro\\\/staging\\\/3511\\\/product\\\/star-jar-craciun-in-doi\\\/#breadcrumb\",\"itemListElement\":[{\"@type\":\"ListItem\",\"position\":1,\"name\":\"Home\",\"item\":\"https:\\\/\\\/alterart.ro\\\/\"},{\"@type\":\"ListItem\",\"position\":2,\"name\":\"Store\",\"item\":\"https:\\\/\\\/alterart.ro\\\/store\\\/\"},{\"@type\":\"ListItem\",\"position\":3,\"name\":\"Star Jar &#8211; Cr\u0103ciun \u00een doi\"}]},{\"@type\":\"WebSite\",\"@id\":\"https:\\\/\\\/alterart.ro\\\/#website\",\"url\":\"https:\\\/\\\/alterart.ro\\\/\",\"name\":\"AlterArt\",\"description\":\"Shhh...\",\"publisher\":{\"@id\":\"https:\\\/\\\/alterart.ro\\\/#organization\"},\"alternateName\":\"alterart\",\"potentialAction\":[{\"@type\":\"SearchAction\",\"target\":{\"@type\":\"EntryPoint\",\"urlTemplate\":\"https:\\\/\\\/alterart.ro\\\/?s={search_term_string}\"},\"query-input\":{\"@type\":\"PropertyValueSpecification\",\"valueRequired\":true,\"valueName\":\"search_term_string\"}}],\"inLanguage\":\"en-GB\"},{\"@type\":\"Organization\",\"@id\":\"https:\\\/\\\/alterart.ro\\\/#organization\",\"name\":\"AlterArt\",\"url\":\"https:\\\/\\\/alterart.ro\\\/\",\"logo\":{\"@type\":\"ImageObject\",\"inLanguage\":\"en-GB\",\"@id\":\"https:\\\/\\\/alterart.ro\\\/#\\\/schema\\\/logo\\\/image\\\/\",\"url\":\"https:\\\/\\\/alterart.ro\\\/wp-content\\\/uploads\\\/2024\\\/10\\\/cropped-icon-removebg-preview-removebg-preview.png\",\"contentUrl\":\"https:\\\/\\\/alterart.ro\\\/wp-content\\\/uploads\\\/2024\\\/10\\\/cropped-icon-removebg-preview-removebg-preview.png\",\"width\":512,\"height\":512,\"caption\":\"AlterArt\"},\"image\":{\"@id\":\"https:\\\/\\\/alterart.ro\\\/#\\\/schema\\\/logo\\\/image\\\/\"},\"sameAs\":[\"https:\\\/\\\/www.facebook.com\\\/profile.php?id=61569981352093\",\"https:\\\/\\\/www.instagram.com\\\/alterartro\\\/profilecard\\\/?igsh=MXNibXh0eDFzZHh0\",\"https:\\\/\\\/www.tiktok.com\\\/@alterart7?_t=8rwklGSwY3a&_r=1\"]}]}<\/script>\n<!-- \/ Yoast SEO plugin. -->","yoast_head_json":{"title":"Star Jar - Cr\u0103ciun \u00een doi - Alter Art","robots":{"index":"index","follow":"follow","max-snippet":"max-snippet:-1","max-image-preview":"max-image-preview:large","max-video-preview":"max-video-preview:-1"},"canonical":"https:\/\/alterart.ro\/en\/staging\/3511\/product\/star-jar-craciun-in-doi\/","og_locale":"en_GB","og_type":"article","og_title":"Star Jar - Cr\u0103ciun \u00een doi - Alter Art","og_description":"Star Jar - Cr\u0103ciun \u00een doi Acest borcan sub forma unui calendar de Advent con\u021bine 25 de stele \u0219i este destinat cuplurilor. 10 stele ro\u0219ii \u2013 filme romantice de Cr\u0103ciun 5 stele verde \u00eenchis - activit\u0103\u021bi de f\u0103cut \u00eempreun\u0103 10 stele verde deschis - replici despre iubire din filme de Cr\u0103ciun  Povestea Star Jar (borcanele cu stele) Cineva a spus \u201cSky is the limit\u201d, eu \u00eendr\u0103znesc s\u0103 \u00eel contrazic, \u0219i sper s\u0103 te conving \u0219i pe tine. Nu cred c\u0103 exist\u0103 limite. Noi oamenii tindem s\u0103 le cre\u0103m \u0219i s\u0103 le impunem. \u00cempreun\u0103 cu tine sper s\u0103 schimb\u0103m asta...a\u0219a \u00eencepe povestea borcanelor cu stele. Universul e \u00een continu\u0103 expansiune iar num\u0103rul stelelor se poate \u00een cel mai bun caz estima, de\u0219i ar putea la fel de bine s\u0103 fie infinit. A\u0219adar \u00ee\u021bi propun s\u0103 \u00ee\u021bi imaginezi universul ca fiind propria ta persoan\u0103 \u00eentr-o autocunoa\u0219tere \u0219i dezvoltare continu\u0103 iar stelele s\u0103-\u021bi fie lumina, speran\u021ba \u0219i motiva\u021bia ce te ghideaz\u0103 \u00een explorarea acestui univers.","og_url":"https:\/\/alterart.ro\/en\/staging\/3511\/product\/star-jar-craciun-in-doi\/","og_site_name":"Alter Art","article_publisher":"https:\/\/www.facebook.com\/profile.php?id=61569981352093","article_modified_time":"2025-10-13T21:44:41+00:00","og_image":[{"width":2560,"height":1707,"url":"https:\/\/alterart.ro\/staging\/3511\/wp-content\/uploads\/2024\/11\/IMG_5171-scaled.jpg","type":"image\/jpeg"}],"twitter_card":"summary_large_image","twitter_misc":{"Estimated reading time":"1 minute"},"schema":{"@context":"https:\/\/schema.org","@graph":[{"@type":"WebPage","@id":"https:\/\/alterart.ro\/staging\/3511\/product\/star-jar-craciun-in-doi\/","url":"https:\/\/alterart.ro\/staging\/3511\/product\/star-jar-craciun-in-doi\/","name":"Star Jar - Cr\u0103ciun \u00een doi - Alter Art","isPartOf":{"@id":"https:\/\/alterart.ro\/#website"},"primaryImageOfPage":{"@id":"https:\/\/alterart.ro\/staging\/3511\/product\/star-jar-craciun-in-doi\/#primaryimage"},"image":{"@id":"https:\/\/alterart.ro\/staging\/3511\/product\/star-jar-craciun-in-doi\/#primaryimage"},"thumbnailUrl":"https:\/\/alterart.ro\/wp-content\/uploads\/2024\/11\/IMG_5171-scaled.jpg","datePublished":"2024-11-27T19:08:08+00:00","dateModified":"2025-10-13T21:44:41+00:00","breadcrumb":{"@id":"https:\/\/alterart.ro\/staging\/3511\/product\/star-jar-craciun-in-doi\/#breadcrumb"},"inLanguage":"en-GB","potentialAction":[{"@type":"ReadAction","target":["https:\/\/alterart.ro\/staging\/3511\/product\/star-jar-craciun-in-doi\/"]}]},{"@type":"ImageObject","inLanguage":"en-GB","@id":"https:\/\/alterart.ro\/staging\/3511\/product\/star-jar-craciun-in-doi\/#primaryimage","url":"https:\/\/alterart.ro\/wp-content\/uploads\/2024\/11\/IMG_5171-scaled.jpg","contentUrl":"https:\/\/alterart.ro\/wp-content\/uploads\/2024\/11\/IMG_5171-scaled.jpg","width":2560,"height":1707},{"@type":"BreadcrumbList","@id":"https:\/\/alterart.ro\/staging\/3511\/product\/star-jar-craciun-in-doi\/#breadcrumb","itemListElement":[{"@type":"ListItem","position":1,"name":"Home","item":"https:\/\/alterart.ro\/"},{"@type":"ListItem","position":2,"name":"Store","item":"https:\/\/alterart.ro\/store\/"},{"@type":"ListItem","position":3,"name":"Star Jar &#8211; Cr\u0103ciun \u00een doi"}]},{"@type":"WebSite","@id":"https:\/\/alterart.ro\/#website","url":"https:\/\/alterart.ro\/","name":"AlterArt","description":"Shhh...","publisher":{"@id":"https:\/\/alterart.ro\/#organization"},"alternateName":"alterart","potentialAction":[{"@type":"SearchAction","target":{"@type":"EntryPoint","urlTemplate":"https:\/\/alterart.ro\/?s={search_term_string}"},"query-input":{"@type":"PropertyValueSpecification","valueRequired":true,"valueName":"search_term_string"}}],"inLanguage":"en-GB"},{"@type":"Organization","@id":"https:\/\/alterart.ro\/#organization","name":"AlterArt","url":"https:\/\/alterart.ro\/","logo":{"@type":"ImageObject","inLanguage":"en-GB","@id":"https:\/\/alterart.ro\/#\/schema\/logo\/image\/","url":"https:\/\/alterart.ro\/wp-content\/uploads\/2024\/10\/cropped-icon-removebg-preview-removebg-preview.png","contentUrl":"https:\/\/alterart.ro\/wp-content\/uploads\/2024\/10\/cropped-icon-removebg-preview-removebg-preview.png","width":512,"height":512,"caption":"AlterArt"},"image":{"@id":"https:\/\/alterart.ro\/#\/schema\/logo\/image\/"},"sameAs":["https:\/\/www.facebook.com\/profile.php?id=61569981352093","https:\/\/www.instagram.com\/alterartro\/profilecard\/?igsh=MXNibXh0eDFzZHh0","https:\/\/www.tiktok.com\/@alterart7?_t=8rwklGSwY3a&_r=1"]}]}},"uagb_featured_image_src":{"full":["https:\/\/alterart.ro\/wp-content\/uploads\/2024\/11\/IMG_5171-scaled.jpg",2560,1707,false],"thumbnail":["https:\/\/alterart.ro\/wp-content\/uploads\/2024\/11\/IMG_5171-150x150.jpg",150,150,true],"medium":["https:\/\/alterart.ro\/wp-content\/uploads\/2024\/11\/IMG_5171-300x200.jpg",300,200,true],"medium_large":["https:\/\/alterart.ro\/wp-content\/uploads\/2024\/11\/IMG_5171-768x512.jpg",768,512,true],"large":["https:\/\/alterart.ro\/wp-content\/uploads\/2024\/11\/IMG_5171-1024x683.jpg",1024,683,true],"1536x1536":["https:\/\/alterart.ro\/wp-content\/uploads\/2024\/11\/IMG_5171-1536x1024.jpg",1536,1024,true],"2048x2048":["https:\/\/alterart.ro\/wp-content\/uploads\/2024\/11\/IMG_5171-2048x1365.jpg",2048,1365,true],"trp-custom-language-flag":["https:\/\/alterart.ro\/wp-content\/uploads\/2024\/11\/IMG_5171-18x12.jpg",18,12,true],"woocommerce_thumbnail":["https:\/\/alterart.ro\/wp-content\/uploads\/2024\/11\/IMG_5171-300x300.jpg",300,300,true],"woocommerce_single":["https:\/\/alterart.ro\/wp-content\/uploads\/2024\/11\/IMG_5171-600x400.jpg",600,400,true],"woocommerce_gallery_thumbnail":["https:\/\/alterart.ro\/wp-content\/uploads\/2024\/11\/IMG_5171-100x100.jpg",100,100,true]},"uagb_author_info":{"display_name":"oana","author_link":"https:\/\/alterart.ro\/en\/author\/"},"uagb_comment_info":0,"uagb_excerpt":"Star Jar - Cr\u0103ciun \u00een doi Acest borcan sub forma unui calendar de Advent con\u021bine 25 de stele \u0219i este destinat cuplurilor. 10 stele ro\u0219ii \u2013 filme romantice de Cr\u0103ciun 5 stele verde \u00eenchis - activit\u0103\u021bi de f\u0103cut \u00eempreun\u0103 10 stele verde deschis - replici despre iubire din filme de Cr\u0103ciun Povestea Star Jar (borcanele&hellip;","_links":{"self":[{"href":"https:\/\/alterart.ro\/en\/wp-json\/wp\/v2\/product\/3075","targetHints":{"allow":["GET"]}}],"collection":[{"href":"https:\/\/alterart.ro\/en\/wp-json\/wp\/v2\/product"}],"about":[{"href":"https:\/\/alterart.ro\/en\/wp-json\/wp\/v2\/types\/product"}],"wp:featuredmedia":[{"embeddable":true,"href":"https:\/\/alterart.ro\/en\/wp-json\/wp\/v2\/media\/3022"}],"wp:attachment":[{"href":"https:\/\/alterart.ro\/en\/wp-json\/wp\/v2\/media?parent=3075"}],"wp:term":[{"taxonomy":"product_brand","embeddable":true,"href":"https:\/\/alterart.ro\/en\/wp-json\/wp\/v2\/product_brand?post=3075"},{"taxonomy":"product_cat","embeddable":true,"href":"https:\/\/alterart.ro\/en\/wp-json\/wp\/v2\/product_cat?post=3075"},{"taxonomy":"product_tag","embeddable":true,"href":"https:\/\/alterart.ro\/en\/wp-json\/wp\/v2\/product_tag?post=3075"}],"curies":[{"name":"wp","href":"https:\/\/api.w.org\/{rel}","templated":true}]}}