{"id":3319,"date":"2024-12-05T00:00:38","date_gmt":"2024-12-04T22:00:38","guid":{"rendered":"https:\/\/alterart.ro\/?post_type=product&#038;p=3319"},"modified":"2025-11-30T17:09:35","modified_gmt":"2025-11-30T15:09:35","slug":"mini-tablou-acul-in-carul-cu-fan","status":"publish","type":"product","link":"https:\/\/alterart.ro\/en\/product\/mini-tablou-acul-in-carul-cu-fan\/","title":{"rendered":"Mini Tablou &#8211; Acul in carul cu fan"},"content":{"rendered":"","protected":false},"excerpt":{"rendered":"<p>Eu cred c\u0103 noi to\u021bi (fie c\u0103 recunoa\u0219tem, fie c\u0103 nu) c\u0103ut\u0103m iubirea, \u00een diversele ei forme. Unii o g\u0103sesc mai u\u0219or, al\u021bii poate o caut\u0103 toat\u0103 via\u021ba \u00een zadar&#8230; \u00cen orice caz, cred c\u0103 nu trebuie s\u0103 \u00eencet\u0103m s\u0103 sper\u0103m. Ea e acolo undeva, de\u0219i uneori pare ascuns\u0103 precum un ac \u00een carul cu f\u00e2n&#8230;<\/p>\n<p>Pictat \u00een acrilic, pe p\u00e2nz\u0103 de 10&#215;10 cm.<\/p>","protected":false},"featured_media":3292,"template":"","meta":{"nf_dc_page":"","_uag_custom_page_level_css":"","site-sidebar-layout":"default","site-content-layout":"","ast-site-content-layout":"default","site-content-style":"default","site-sidebar-style":"default","ast-global-header-display":"","ast-banner-title-visibility":"","ast-main-header-display":"","ast-hfb-above-header-display":"","ast-hfb-below-header-display":"","ast-hfb-mobile-header-display":"","site-post-title":"","ast-breadcrumbs-content":"","ast-featured-img":"","footer-sml-layout":"","ast-disable-related-posts":"","theme-transparent-header-meta":"default","adv-header-id-meta":"","stick-header-meta":"","header-above-stick-meta":"","header-main-stick-meta":"","header-below-stick-meta":"","astra-migrate-meta-layouts":"set","ast-page-background-enabled":"default","ast-page-background-meta":{"desktop":{"background-color":"","background-image":"","background-repeat":"repeat","background-position":"center center","background-size":"auto","background-attachment":"scroll","background-type":"","background-media":"","overlay-type":"","overlay-color":"","overlay-opacity":"","overlay-gradient":""},"tablet":{"background-color":"","background-image":"","background-repeat":"repeat","background-position":"center center","background-size":"auto","background-attachment":"scroll","background-type":"","background-media":"","overlay-type":"","overlay-color":"","overlay-opacity":"","overlay-gradient":""},"mobile":{"background-color":"","background-image":"","background-repeat":"repeat","background-position":"center center","background-size":"auto","background-attachment":"scroll","background-type":"","background-media":"","overlay-type":"","overlay-color":"","overlay-opacity":"","overlay-gradient":""}},"ast-content-background-meta":{"desktop":{"background-color":"var(--ast-global-color-5)","background-image":"","background-repeat":"repeat","background-position":"center center","background-size":"auto","background-attachment":"scroll","background-type":"","background-media":"","overlay-type":"","overlay-color":"","overlay-opacity":"","overlay-gradient":""},"tablet":{"background-color":"var(--ast-global-color-5)","background-image":"","background-repeat":"repeat","background-position":"center center","background-size":"auto","background-attachment":"scroll","background-type":"","background-media":"","overlay-type":"","overlay-color":"","overlay-opacity":"","overlay-gradient":""},"mobile":{"background-color":"var(--ast-global-color-5)","background-image":"","background-repeat":"repeat","background-position":"center center","background-size":"auto","background-attachment":"scroll","background-type":"","background-media":"","overlay-type":"","overlay-color":"","overlay-opacity":"","overlay-gradient":""}}},"product_brand":[],"product_cat":[109,32,81],"product_tag":[85,84,83,86,87],"class_list":{"0":"post-3319","1":"product","2":"type-product","3":"status-publish","4":"has-post-thumbnail","6":"product_cat-idei-de-cadouri","7":"product_cat-light","8":"product_cat-mini-tablouri-2","9":"product_tag-acrilic","10":"product_tag-acul-in-carul-cu-fan","11":"product_tag-mini-tablou","12":"product_tag-panza","13":"product_tag-pictat","14":"desktop-align-left","15":"tablet-align-left","16":"mobile-align-left","18":"first","19":"outofstock","20":"taxable","21":"shipping-taxable","22":"purchasable","23":"product-type-simple"},"yoast_head":"<!-- This site is optimized with the Yoast SEO plugin v27.4 - https:\/\/yoast.com\/product\/yoast-seo-wordpress\/ -->\n<title>Mini Tablou - Acul in carul cu fan - Alter Art<\/title>\n<meta name=\"robots\" content=\"index, follow, max-snippet:-1, max-image-preview:large, max-video-preview:-1\" \/>\n<link rel=\"canonical\" href=\"https:\/\/alterart.ro\/en\/product\/mini-tablou-acul-in-carul-cu-fan\/\" \/>\n<meta property=\"og:locale\" content=\"en_GB\" \/>\n<meta property=\"og:type\" content=\"article\" \/>\n<meta property=\"og:title\" content=\"Mini Tablou - Acul in carul cu fan - Alter Art\" \/>\n<meta property=\"og:description\" content=\"Eu cred c\u0103 noi to\u021bi (fie c\u0103 recunoa\u0219tem, fie c\u0103 nu) c\u0103ut\u0103m iubirea, \u00een diversele ei forme. Unii o g\u0103sesc mai u\u0219or, al\u021bii poate o caut\u0103 toat\u0103 via\u021ba \u00een zadar... \u00cen orice caz, cred c\u0103 nu trebuie s\u0103 \u00eencet\u0103m s\u0103 sper\u0103m. Ea e acolo undeva, de\u0219i uneori pare ascuns\u0103 precum un ac \u00een carul cu f\u00e2n...  Pictat \u00een acrilic, pe p\u00e2nz\u0103 de 10x10 cm.\" \/>\n<meta property=\"og:url\" content=\"https:\/\/alterart.ro\/en\/product\/mini-tablou-acul-in-carul-cu-fan\/\" \/>\n<meta property=\"og:site_name\" content=\"Alter Art\" \/>\n<meta property=\"article:publisher\" content=\"https:\/\/www.facebook.com\/profile.php?id=61569981352093\" \/>\n<meta property=\"article:modified_time\" content=\"2025-11-30T15:09:35+00:00\" \/>\n<meta property=\"og:image\" content=\"https:\/\/alterart.ro\/wp-content\/uploads\/2024\/12\/IMG_55859-scaled.jpg\" \/>\n\t<meta property=\"og:image:width\" content=\"2560\" \/>\n\t<meta property=\"og:image:height\" content=\"1707\" \/>\n\t<meta property=\"og:image:type\" content=\"image\/jpeg\" \/>\n<meta name=\"twitter:card\" content=\"summary_large_image\" \/>\n<meta name=\"twitter:label1\" content=\"Estimated reading time\" \/>\n\t<meta name=\"twitter:data1\" content=\"1 minute\" \/>\n<script type=\"application\/ld+json\" class=\"yoast-schema-graph\">{\"@context\":\"https:\\\/\\\/schema.org\",\"@graph\":[{\"@type\":\"WebPage\",\"@id\":\"https:\\\/\\\/alterart.ro\\\/product\\\/mini-tablou-acul-in-carul-cu-fan\\\/\",\"url\":\"https:\\\/\\\/alterart.ro\\\/product\\\/mini-tablou-acul-in-carul-cu-fan\\\/\",\"name\":\"Mini Tablou - Acul in carul cu fan - Alter Art\",\"isPartOf\":{\"@id\":\"https:\\\/\\\/alterart.ro\\\/#website\"},\"primaryImageOfPage\":{\"@id\":\"https:\\\/\\\/alterart.ro\\\/product\\\/mini-tablou-acul-in-carul-cu-fan\\\/#primaryimage\"},\"image\":{\"@id\":\"https:\\\/\\\/alterart.ro\\\/product\\\/mini-tablou-acul-in-carul-cu-fan\\\/#primaryimage\"},\"thumbnailUrl\":\"https:\\\/\\\/alterart.ro\\\/wp-content\\\/uploads\\\/2024\\\/12\\\/IMG_55859-scaled.jpg\",\"datePublished\":\"2024-12-04T22:00:38+00:00\",\"dateModified\":\"2025-11-30T15:09:35+00:00\",\"breadcrumb\":{\"@id\":\"https:\\\/\\\/alterart.ro\\\/product\\\/mini-tablou-acul-in-carul-cu-fan\\\/#breadcrumb\"},\"inLanguage\":\"en-GB\",\"potentialAction\":[{\"@type\":\"ReadAction\",\"target\":[\"https:\\\/\\\/alterart.ro\\\/product\\\/mini-tablou-acul-in-carul-cu-fan\\\/\"]}]},{\"@type\":\"ImageObject\",\"inLanguage\":\"en-GB\",\"@id\":\"https:\\\/\\\/alterart.ro\\\/product\\\/mini-tablou-acul-in-carul-cu-fan\\\/#primaryimage\",\"url\":\"https:\\\/\\\/alterart.ro\\\/wp-content\\\/uploads\\\/2024\\\/12\\\/IMG_55859-scaled.jpg\",\"contentUrl\":\"https:\\\/\\\/alterart.ro\\\/wp-content\\\/uploads\\\/2024\\\/12\\\/IMG_55859-scaled.jpg\",\"width\":2560,\"height\":1707},{\"@type\":\"BreadcrumbList\",\"@id\":\"https:\\\/\\\/alterart.ro\\\/product\\\/mini-tablou-acul-in-carul-cu-fan\\\/#breadcrumb\",\"itemListElement\":[{\"@type\":\"ListItem\",\"position\":1,\"name\":\"Home\",\"item\":\"https:\\\/\\\/alterart.ro\\\/\"},{\"@type\":\"ListItem\",\"position\":2,\"name\":\"Store\",\"item\":\"https:\\\/\\\/alterart.ro\\\/store\\\/\"},{\"@type\":\"ListItem\",\"position\":3,\"name\":\"Mini Tablou &#8211; Acul in carul cu fan\"}]},{\"@type\":\"WebSite\",\"@id\":\"https:\\\/\\\/alterart.ro\\\/#website\",\"url\":\"https:\\\/\\\/alterart.ro\\\/\",\"name\":\"AlterArt\",\"description\":\"Shhh...\",\"publisher\":{\"@id\":\"https:\\\/\\\/alterart.ro\\\/#organization\"},\"alternateName\":\"alterart\",\"potentialAction\":[{\"@type\":\"SearchAction\",\"target\":{\"@type\":\"EntryPoint\",\"urlTemplate\":\"https:\\\/\\\/alterart.ro\\\/?s={search_term_string}\"},\"query-input\":{\"@type\":\"PropertyValueSpecification\",\"valueRequired\":true,\"valueName\":\"search_term_string\"}}],\"inLanguage\":\"en-GB\"},{\"@type\":\"Organization\",\"@id\":\"https:\\\/\\\/alterart.ro\\\/#organization\",\"name\":\"AlterArt\",\"url\":\"https:\\\/\\\/alterart.ro\\\/\",\"logo\":{\"@type\":\"ImageObject\",\"inLanguage\":\"en-GB\",\"@id\":\"https:\\\/\\\/alterart.ro\\\/#\\\/schema\\\/logo\\\/image\\\/\",\"url\":\"https:\\\/\\\/alterart.ro\\\/wp-content\\\/uploads\\\/2024\\\/10\\\/cropped-icon-removebg-preview-removebg-preview.png\",\"contentUrl\":\"https:\\\/\\\/alterart.ro\\\/wp-content\\\/uploads\\\/2024\\\/10\\\/cropped-icon-removebg-preview-removebg-preview.png\",\"width\":512,\"height\":512,\"caption\":\"AlterArt\"},\"image\":{\"@id\":\"https:\\\/\\\/alterart.ro\\\/#\\\/schema\\\/logo\\\/image\\\/\"},\"sameAs\":[\"https:\\\/\\\/www.facebook.com\\\/profile.php?id=61569981352093\",\"https:\\\/\\\/www.instagram.com\\\/alterartro\\\/profilecard\\\/?igsh=MXNibXh0eDFzZHh0\",\"https:\\\/\\\/www.tiktok.com\\\/@alterart7?_t=8rwklGSwY3a&_r=1\"]}]}<\/script>\n<!-- \/ Yoast SEO plugin. -->","yoast_head_json":{"title":"Mini Tablou - Acul in carul cu fan - Alter Art","robots":{"index":"index","follow":"follow","max-snippet":"max-snippet:-1","max-image-preview":"max-image-preview:large","max-video-preview":"max-video-preview:-1"},"canonical":"https:\/\/alterart.ro\/en\/product\/mini-tablou-acul-in-carul-cu-fan\/","og_locale":"en_GB","og_type":"article","og_title":"Mini Tablou - Acul in carul cu fan - Alter Art","og_description":"Eu cred c\u0103 noi to\u021bi (fie c\u0103 recunoa\u0219tem, fie c\u0103 nu) c\u0103ut\u0103m iubirea, \u00een diversele ei forme. Unii o g\u0103sesc mai u\u0219or, al\u021bii poate o caut\u0103 toat\u0103 via\u021ba \u00een zadar... \u00cen orice caz, cred c\u0103 nu trebuie s\u0103 \u00eencet\u0103m s\u0103 sper\u0103m. Ea e acolo undeva, de\u0219i uneori pare ascuns\u0103 precum un ac \u00een carul cu f\u00e2n...  Pictat \u00een acrilic, pe p\u00e2nz\u0103 de 10x10 cm.","og_url":"https:\/\/alterart.ro\/en\/product\/mini-tablou-acul-in-carul-cu-fan\/","og_site_name":"Alter Art","article_publisher":"https:\/\/www.facebook.com\/profile.php?id=61569981352093","article_modified_time":"2025-11-30T15:09:35+00:00","og_image":[{"width":2560,"height":1707,"url":"https:\/\/alterart.ro\/wp-content\/uploads\/2024\/12\/IMG_55859-scaled.jpg","type":"image\/jpeg"}],"twitter_card":"summary_large_image","twitter_misc":{"Estimated reading time":"1 minute"},"schema":{"@context":"https:\/\/schema.org","@graph":[{"@type":"WebPage","@id":"https:\/\/alterart.ro\/product\/mini-tablou-acul-in-carul-cu-fan\/","url":"https:\/\/alterart.ro\/product\/mini-tablou-acul-in-carul-cu-fan\/","name":"Mini Tablou - Acul in carul cu fan - Alter Art","isPartOf":{"@id":"https:\/\/alterart.ro\/#website"},"primaryImageOfPage":{"@id":"https:\/\/alterart.ro\/product\/mini-tablou-acul-in-carul-cu-fan\/#primaryimage"},"image":{"@id":"https:\/\/alterart.ro\/product\/mini-tablou-acul-in-carul-cu-fan\/#primaryimage"},"thumbnailUrl":"https:\/\/alterart.ro\/wp-content\/uploads\/2024\/12\/IMG_55859-scaled.jpg","datePublished":"2024-12-04T22:00:38+00:00","dateModified":"2025-11-30T15:09:35+00:00","breadcrumb":{"@id":"https:\/\/alterart.ro\/product\/mini-tablou-acul-in-carul-cu-fan\/#breadcrumb"},"inLanguage":"en-GB","potentialAction":[{"@type":"ReadAction","target":["https:\/\/alterart.ro\/product\/mini-tablou-acul-in-carul-cu-fan\/"]}]},{"@type":"ImageObject","inLanguage":"en-GB","@id":"https:\/\/alterart.ro\/product\/mini-tablou-acul-in-carul-cu-fan\/#primaryimage","url":"https:\/\/alterart.ro\/wp-content\/uploads\/2024\/12\/IMG_55859-scaled.jpg","contentUrl":"https:\/\/alterart.ro\/wp-content\/uploads\/2024\/12\/IMG_55859-scaled.jpg","width":2560,"height":1707},{"@type":"BreadcrumbList","@id":"https:\/\/alterart.ro\/product\/mini-tablou-acul-in-carul-cu-fan\/#breadcrumb","itemListElement":[{"@type":"ListItem","position":1,"name":"Home","item":"https:\/\/alterart.ro\/"},{"@type":"ListItem","position":2,"name":"Store","item":"https:\/\/alterart.ro\/store\/"},{"@type":"ListItem","position":3,"name":"Mini Tablou &#8211; Acul in carul cu fan"}]},{"@type":"WebSite","@id":"https:\/\/alterart.ro\/#website","url":"https:\/\/alterart.ro\/","name":"AlterArt","description":"Shhh...","publisher":{"@id":"https:\/\/alterart.ro\/#organization"},"alternateName":"alterart","potentialAction":[{"@type":"SearchAction","target":{"@type":"EntryPoint","urlTemplate":"https:\/\/alterart.ro\/?s={search_term_string}"},"query-input":{"@type":"PropertyValueSpecification","valueRequired":true,"valueName":"search_term_string"}}],"inLanguage":"en-GB"},{"@type":"Organization","@id":"https:\/\/alterart.ro\/#organization","name":"AlterArt","url":"https:\/\/alterart.ro\/","logo":{"@type":"ImageObject","inLanguage":"en-GB","@id":"https:\/\/alterart.ro\/#\/schema\/logo\/image\/","url":"https:\/\/alterart.ro\/wp-content\/uploads\/2024\/10\/cropped-icon-removebg-preview-removebg-preview.png","contentUrl":"https:\/\/alterart.ro\/wp-content\/uploads\/2024\/10\/cropped-icon-removebg-preview-removebg-preview.png","width":512,"height":512,"caption":"AlterArt"},"image":{"@id":"https:\/\/alterart.ro\/#\/schema\/logo\/image\/"},"sameAs":["https:\/\/www.facebook.com\/profile.php?id=61569981352093","https:\/\/www.instagram.com\/alterartro\/profilecard\/?igsh=MXNibXh0eDFzZHh0","https:\/\/www.tiktok.com\/@alterart7?_t=8rwklGSwY3a&_r=1"]}]}},"uagb_featured_image_src":{"full":["https:\/\/alterart.ro\/wp-content\/uploads\/2024\/12\/IMG_55859-scaled.jpg",2560,1707,false],"thumbnail":["https:\/\/alterart.ro\/wp-content\/uploads\/2024\/12\/IMG_55859-150x100.jpg",150,100,true],"medium":["https:\/\/alterart.ro\/wp-content\/uploads\/2024\/12\/IMG_55859-300x200.jpg",300,200,true],"medium_large":["https:\/\/alterart.ro\/wp-content\/uploads\/2024\/12\/IMG_55859-768x512.jpg",768,512,true],"large":["https:\/\/alterart.ro\/wp-content\/uploads\/2024\/12\/IMG_55859-1024x683.jpg",1024,683,true],"1536x1536":["https:\/\/alterart.ro\/wp-content\/uploads\/2024\/12\/IMG_55859-1536x1024.jpg",1536,1024,true],"2048x2048":["https:\/\/alterart.ro\/wp-content\/uploads\/2024\/12\/IMG_55859-2048x1365.jpg",2048,1365,true],"trp-custom-language-flag":["https:\/\/alterart.ro\/wp-content\/uploads\/2024\/12\/IMG_55859-18x12.jpg",18,12,true],"woocommerce_thumbnail":["https:\/\/alterart.ro\/wp-content\/uploads\/2024\/12\/IMG_55859-300x300.jpg",300,300,true],"woocommerce_single":["https:\/\/alterart.ro\/wp-content\/uploads\/2024\/12\/IMG_55859-600x400.jpg",600,400,true],"woocommerce_gallery_thumbnail":["https:\/\/alterart.ro\/wp-content\/uploads\/2024\/12\/IMG_55859-100x100.jpg",100,100,true]},"uagb_author_info":{"display_name":"oana","author_link":"https:\/\/alterart.ro\/en\/author\/"},"uagb_comment_info":0,"uagb_excerpt":"Eu cred c\u0103 noi to\u021bi (fie c\u0103 recunoa\u0219tem, fie c\u0103 nu) c\u0103ut\u0103m iubirea, \u00een diversele ei forme. Unii o g\u0103sesc mai u\u0219or, al\u021bii poate o caut\u0103 toat\u0103 via\u021ba \u00een zadar... \u00cen orice caz, cred c\u0103 nu trebuie s\u0103 \u00eencet\u0103m s\u0103 sper\u0103m. Ea e acolo undeva, de\u0219i uneori pare ascuns\u0103 precum un ac \u00een carul cu&hellip;","_links":{"self":[{"href":"https:\/\/alterart.ro\/en\/wp-json\/wp\/v2\/product\/3319","targetHints":{"allow":["GET"]}}],"collection":[{"href":"https:\/\/alterart.ro\/en\/wp-json\/wp\/v2\/product"}],"about":[{"href":"https:\/\/alterart.ro\/en\/wp-json\/wp\/v2\/types\/product"}],"wp:featuredmedia":[{"embeddable":true,"href":"https:\/\/alterart.ro\/en\/wp-json\/wp\/v2\/media\/3292"}],"wp:attachment":[{"href":"https:\/\/alterart.ro\/en\/wp-json\/wp\/v2\/media?parent=3319"}],"wp:term":[{"taxonomy":"product_brand","embeddable":true,"href":"https:\/\/alterart.ro\/en\/wp-json\/wp\/v2\/product_brand?post=3319"},{"taxonomy":"product_cat","embeddable":true,"href":"https:\/\/alterart.ro\/en\/wp-json\/wp\/v2\/product_cat?post=3319"},{"taxonomy":"product_tag","embeddable":true,"href":"https:\/\/alterart.ro\/en\/wp-json\/wp\/v2\/product_tag?post=3319"}],"curies":[{"name":"wp","href":"https:\/\/api.w.org\/{rel}","templated":true}]}}