{"id":3423,"date":"2025-01-18T11:34:31","date_gmt":"2025-01-18T09:34:31","guid":{"rendered":"https:\/\/alterart.ro\/?post_type=product&#038;p=3423"},"modified":"2025-10-14T00:44:12","modified_gmt":"2025-10-13T21:44:12","slug":"iubire","status":"publish","type":"product","link":"https:\/\/alterart.ro\/en\/product\/iubire\/","title":{"rendered":"IUBIRE (15 mg)"},"content":{"rendered":"","protected":false},"excerpt":{"rendered":"<p><strong>IUBIRE (15 mg)<\/strong><\/p>\n<p><em>\u00cen acest borcan o s\u0103 g\u0103siti 15 pastile(suplimente de iubire), de trei culori: roz, ro\u0219u \u00eenchis \u0219i ro\u0219u deschis.<\/em><\/p>\n<p>Ce con\u021bine fircare pastil\u0103 (pe l\u00e2ng\u0103 iubire)?<\/p>\n<ul>\n<li><em>roz &#8211; citate, g\u00e2nduri despre iubire<\/em><\/li>\n<li><em>ro\u0219u \u00eenchis &#8211; activita\u021bi de f\u0103cut \u00eempreun\u0103<\/em><\/li>\n<li><em>ro\u0219u deschis &#8211; titluri de melodii romantice<\/em><\/li>\n<\/ul>\n<p><em>Persoana care \u021bi-a oferit asta vrea s\u0103 deschizi:<\/em><\/p>\n<ul>\n<li><em>o pastil\u0103 roz: ca s\u0103 \u00ee\u021bi aminte\u0219sti c\u00e2t de mult te iube\u0219te, \u0219i c\u00e2t de important\u00e2 e iubirea<\/em><\/li>\n<li><em>o pastil\u0103 ro\u0219u \u00eenchis: de fiecare dat\u0103 c\u00e2nd vrei s\u0103 face\u021bi ceva \u00eempreun\u0103<\/em><\/li>\n<li><em>o pastil\u0103 ro\u0219u deschis: c\u00e2nd te cuprinde dorul sau ai nevoie s\u0103 auzi c\u00e2t de mult te iube\u0219te, cu ajutorul pieselor &#8211; dedica\u021bii<\/em><\/li>\n<\/ul>\n<p><em>Spor la creat amintiri \u0219i distrac\u021bie pl\u0103cut\u0103!<\/em><\/p>\n<p>PS: Pute\u021bi s\u0103 ne \u00eemp\u0103rt\u0103\u0219i\u021bi poze \u0219i impresii de la date, cu un tag pe:<br \/>\nInstagram &#8211; @AlterartRo<br \/>\nFacebook &#8211; @AlterArt<br \/>\nTikTok &#8211; @Alterart7<\/p>\n<p><strong>Povestea<em> Star Jar (borcanele cu stele)<\/em><\/strong><br \/>\n<em>Cineva a spus \u201cSky is the limit\u201d, eu \u00eendr\u0103znesc s\u0103 \u00eel contrazic, \u0219i sper s\u0103 te conving \u0219i pe tine.<\/em><br \/>\n<em>Nu cred c\u0103 exist\u0103 limite. Noi oamenii tindem s\u0103 le cre\u0103m \u0219i s\u0103 le impunem. \u00cempreun\u0103 cu tine sper s\u0103 schimb\u0103m asta&#8230;a\u0219a \u00eencepe povestea borcanelor cu stele.<\/em><br \/>\n<em>Universul e \u00een continu\u0103 expansiune iar num\u0103rul stelelor se poate \u00een cel mai bun caz estima, de\u0219i ar putea la fel de bine s\u0103 fie infinit. A\u0219adar \u00ee\u021bi propun s\u0103 \u00ee\u021bi imaginezi universul ca fiind propria ta persoan\u0103 \u00eentr-o autocunoa\u0219tere \u0219i dezvoltare continu\u0103 iar stelele s\u0103-\u021bi fie lumina, speran\u021ba \u0219i motiva\u021bia ce te ghideaz\u0103 \u00een explorarea acestui univers.<\/em><\/p>","protected":false},"featured_media":3416,"template":"","meta":{"nf_dc_page":"","_uag_custom_page_level_css":"","site-sidebar-layout":"default","site-content-layout":"","ast-site-content-layout":"default","site-content-style":"default","site-sidebar-style":"default","ast-global-header-display":"","ast-banner-title-visibility":"","ast-main-header-display":"","ast-hfb-above-header-display":"","ast-hfb-below-header-display":"","ast-hfb-mobile-header-display":"","site-post-title":"","ast-breadcrumbs-content":"","ast-featured-img":"","footer-sml-layout":"","ast-disable-related-posts":"","theme-transparent-header-meta":"default","adv-header-id-meta":"","stick-header-meta":"","header-above-stick-meta":"","header-main-stick-meta":"","header-below-stick-meta":"","astra-migrate-meta-layouts":"set","ast-page-background-enabled":"default","ast-page-background-meta":{"desktop":{"background-color":"","background-image":"","background-repeat":"repeat","background-position":"center center","background-size":"auto","background-attachment":"scroll","background-type":"","background-media":"","overlay-type":"","overlay-color":"","overlay-opacity":"","overlay-gradient":""},"tablet":{"background-color":"","background-image":"","background-repeat":"repeat","background-position":"center center","background-size":"auto","background-attachment":"scroll","background-type":"","background-media":"","overlay-type":"","overlay-color":"","overlay-opacity":"","overlay-gradient":""},"mobile":{"background-color":"","background-image":"","background-repeat":"repeat","background-position":"center center","background-size":"auto","background-attachment":"scroll","background-type":"","background-media":"","overlay-type":"","overlay-color":"","overlay-opacity":"","overlay-gradient":""}},"ast-content-background-meta":{"desktop":{"background-color":"var(--ast-global-color-5)","background-image":"","background-repeat":"repeat","background-position":"center center","background-size":"auto","background-attachment":"scroll","background-type":"","background-media":"","overlay-type":"","overlay-color":"","overlay-opacity":"","overlay-gradient":""},"tablet":{"background-color":"var(--ast-global-color-5)","background-image":"","background-repeat":"repeat","background-position":"center center","background-size":"auto","background-attachment":"scroll","background-type":"","background-media":"","overlay-type":"","overlay-color":"","overlay-opacity":"","overlay-gradient":""},"mobile":{"background-color":"var(--ast-global-color-5)","background-image":"","background-repeat":"repeat","background-position":"center center","background-size":"auto","background-attachment":"scroll","background-type":"","background-media":"","overlay-type":"","overlay-color":"","overlay-opacity":"","overlay-gradient":""}}},"product_brand":[],"product_cat":[109,32,108,92],"product_tag":[94,93],"class_list":{"0":"post-3423","1":"product","2":"type-product","3":"status-publish","4":"has-post-thumbnail","6":"product_cat-idei-de-cadouri","7":"product_cat-light","8":"product_cat-sub-100-ron","9":"product_cat-valentines-day-primary","10":"product_tag-iubire","11":"product_tag-love-jar","12":"desktop-align-left","13":"tablet-align-left","14":"mobile-align-left","16":"first","17":"instock","18":"taxable","19":"shipping-taxable","20":"purchasable","21":"product-type-simple"},"yoast_head":"<!-- This site is optimized with the Yoast SEO plugin v27.4 - https:\/\/yoast.com\/product\/yoast-seo-wordpress\/ -->\n<title>IUBIRE (15 mg) - Alter Art<\/title>\n<meta name=\"robots\" content=\"index, follow, max-snippet:-1, max-image-preview:large, max-video-preview:-1\" \/>\n<link rel=\"canonical\" href=\"https:\/\/alterart.ro\/en\/staging\/3511\/product\/iubire\/\" \/>\n<meta property=\"og:locale\" content=\"en_GB\" \/>\n<meta property=\"og:type\" content=\"article\" \/>\n<meta property=\"og:title\" content=\"IUBIRE (15 mg) - Alter Art\" \/>\n<meta property=\"og:description\" content=\"IUBIRE (15 mg)  \u00cen acest borcan o s\u0103 g\u0103siti 15 pastile(suplimente de iubire), de trei culori: roz, ro\u0219u \u00eenchis \u0219i ro\u0219u deschis.  Ce con\u021bine fircare pastil\u0103 (pe l\u00e2ng\u0103 iubire)?   roz - citate, g\u00e2nduri despre iubire  ro\u0219u \u00eenchis - activita\u021bi de f\u0103cut \u00eempreun\u0103  ro\u0219u deschis - titluri de melodii romantice  Persoana care \u021bi-a oferit asta vrea s\u0103 deschizi:   o pastil\u0103 roz: ca s\u0103 \u00ee\u021bi aminte\u0219sti c\u00e2t de mult te iube\u0219te, \u0219i c\u00e2t de important\u00e2 e iubirea  o pastil\u0103 ro\u0219u \u00eenchis: de fiecare dat\u0103 c\u00e2nd vrei s\u0103 face\u021bi ceva \u00eempreun\u0103  o pastil\u0103 ro\u0219u deschis: c\u00e2nd te cuprinde dorul sau ai nevoie s\u0103 auzi c\u00e2t de mult te iube\u0219te, cu ajutorul pieselor - dedica\u021bii  Spor la creat amintiri \u0219i distrac\u021bie pl\u0103cut\u0103!  PS: Pute\u021bi s\u0103 ne \u00eemp\u0103rt\u0103\u0219i\u021bi poze \u0219i impresii de la date, cu un tag pe: Instagram - @AlterartRo Facebook - @AlterArt TikTok - @Alterart7  Povestea Star Jar (borcanele cu stele) Cineva a spus \u201cSky is the limit\u201d, eu \u00eendr\u0103znesc s\u0103 \u00eel contrazic, \u0219i sper s\u0103 te conving \u0219i pe tine. Nu cred c\u0103 exist\u0103 limite. Noi oamenii tindem s\u0103 le cre\u0103m \u0219i s\u0103 le impunem. \u00cempreun\u0103 cu tine sper s\u0103 schimb\u0103m asta...a\u0219a \u00eencepe povestea borcanelor cu stele. Universul e \u00een continu\u0103 expansiune iar num\u0103rul stelelor se poate \u00een cel mai bun caz estima, de\u0219i ar putea la fel de bine s\u0103 fie infinit. A\u0219adar \u00ee\u021bi propun s\u0103 \u00ee\u021bi imaginezi universul ca fiind propria ta persoan\u0103 \u00eentr-o autocunoa\u0219tere \u0219i dezvoltare continu\u0103 iar stelele s\u0103-\u021bi fie lumina, speran\u021ba \u0219i motiva\u021bia ce te ghideaz\u0103 \u00een explorarea acestui univers.\" \/>\n<meta property=\"og:url\" content=\"https:\/\/alterart.ro\/en\/staging\/3511\/product\/iubire\/\" \/>\n<meta property=\"og:site_name\" content=\"Alter Art\" \/>\n<meta property=\"article:publisher\" content=\"https:\/\/www.facebook.com\/profile.php?id=61569981352093\" \/>\n<meta property=\"article:modified_time\" content=\"2025-10-13T21:44:12+00:00\" \/>\n<meta property=\"og:image\" content=\"https:\/\/alterart.ro\/staging\/3511\/wp-content\/uploads\/2025\/01\/IMG_5966-scaled.jpg\" \/>\n\t<meta property=\"og:image:width\" content=\"2560\" \/>\n\t<meta property=\"og:image:height\" content=\"2116\" \/>\n\t<meta property=\"og:image:type\" content=\"image\/jpeg\" \/>\n<meta name=\"twitter:card\" content=\"summary_large_image\" \/>\n<meta name=\"twitter:label1\" content=\"Estimated reading time\" \/>\n\t<meta name=\"twitter:data1\" content=\"1 minute\" \/>\n<script type=\"application\/ld+json\" class=\"yoast-schema-graph\">{\"@context\":\"https:\\\/\\\/schema.org\",\"@graph\":[{\"@type\":\"WebPage\",\"@id\":\"https:\\\/\\\/alterart.ro\\\/staging\\\/3511\\\/product\\\/iubire\\\/\",\"url\":\"https:\\\/\\\/alterart.ro\\\/staging\\\/3511\\\/product\\\/iubire\\\/\",\"name\":\"IUBIRE (15 mg) - Alter Art\",\"isPartOf\":{\"@id\":\"https:\\\/\\\/alterart.ro\\\/#website\"},\"primaryImageOfPage\":{\"@id\":\"https:\\\/\\\/alterart.ro\\\/staging\\\/3511\\\/product\\\/iubire\\\/#primaryimage\"},\"image\":{\"@id\":\"https:\\\/\\\/alterart.ro\\\/staging\\\/3511\\\/product\\\/iubire\\\/#primaryimage\"},\"thumbnailUrl\":\"https:\\\/\\\/alterart.ro\\\/wp-content\\\/uploads\\\/2025\\\/01\\\/IMG_5966-scaled.jpg\",\"datePublished\":\"2025-01-18T09:34:31+00:00\",\"dateModified\":\"2025-10-13T21:44:12+00:00\",\"breadcrumb\":{\"@id\":\"https:\\\/\\\/alterart.ro\\\/staging\\\/3511\\\/product\\\/iubire\\\/#breadcrumb\"},\"inLanguage\":\"en-GB\",\"potentialAction\":[{\"@type\":\"ReadAction\",\"target\":[\"https:\\\/\\\/alterart.ro\\\/staging\\\/3511\\\/product\\\/iubire\\\/\"]}]},{\"@type\":\"ImageObject\",\"inLanguage\":\"en-GB\",\"@id\":\"https:\\\/\\\/alterart.ro\\\/staging\\\/3511\\\/product\\\/iubire\\\/#primaryimage\",\"url\":\"https:\\\/\\\/alterart.ro\\\/wp-content\\\/uploads\\\/2025\\\/01\\\/IMG_5966-scaled.jpg\",\"contentUrl\":\"https:\\\/\\\/alterart.ro\\\/wp-content\\\/uploads\\\/2025\\\/01\\\/IMG_5966-scaled.jpg\",\"width\":2560,\"height\":2116},{\"@type\":\"BreadcrumbList\",\"@id\":\"https:\\\/\\\/alterart.ro\\\/staging\\\/3511\\\/product\\\/iubire\\\/#breadcrumb\",\"itemListElement\":[{\"@type\":\"ListItem\",\"position\":1,\"name\":\"Home\",\"item\":\"https:\\\/\\\/alterart.ro\\\/\"},{\"@type\":\"ListItem\",\"position\":2,\"name\":\"Store\",\"item\":\"https:\\\/\\\/alterart.ro\\\/store\\\/\"},{\"@type\":\"ListItem\",\"position\":3,\"name\":\"IUBIRE (15 mg)\"}]},{\"@type\":\"WebSite\",\"@id\":\"https:\\\/\\\/alterart.ro\\\/#website\",\"url\":\"https:\\\/\\\/alterart.ro\\\/\",\"name\":\"AlterArt\",\"description\":\"Shhh...\",\"publisher\":{\"@id\":\"https:\\\/\\\/alterart.ro\\\/#organization\"},\"alternateName\":\"alterart\",\"potentialAction\":[{\"@type\":\"SearchAction\",\"target\":{\"@type\":\"EntryPoint\",\"urlTemplate\":\"https:\\\/\\\/alterart.ro\\\/?s={search_term_string}\"},\"query-input\":{\"@type\":\"PropertyValueSpecification\",\"valueRequired\":true,\"valueName\":\"search_term_string\"}}],\"inLanguage\":\"en-GB\"},{\"@type\":\"Organization\",\"@id\":\"https:\\\/\\\/alterart.ro\\\/#organization\",\"name\":\"AlterArt\",\"url\":\"https:\\\/\\\/alterart.ro\\\/\",\"logo\":{\"@type\":\"ImageObject\",\"inLanguage\":\"en-GB\",\"@id\":\"https:\\\/\\\/alterart.ro\\\/#\\\/schema\\\/logo\\\/image\\\/\",\"url\":\"https:\\\/\\\/alterart.ro\\\/wp-content\\\/uploads\\\/2024\\\/10\\\/cropped-icon-removebg-preview-removebg-preview.png\",\"contentUrl\":\"https:\\\/\\\/alterart.ro\\\/wp-content\\\/uploads\\\/2024\\\/10\\\/cropped-icon-removebg-preview-removebg-preview.png\",\"width\":512,\"height\":512,\"caption\":\"AlterArt\"},\"image\":{\"@id\":\"https:\\\/\\\/alterart.ro\\\/#\\\/schema\\\/logo\\\/image\\\/\"},\"sameAs\":[\"https:\\\/\\\/www.facebook.com\\\/profile.php?id=61569981352093\",\"https:\\\/\\\/www.instagram.com\\\/alterartro\\\/profilecard\\\/?igsh=MXNibXh0eDFzZHh0\",\"https:\\\/\\\/www.tiktok.com\\\/@alterart7?_t=8rwklGSwY3a&_r=1\"]}]}<\/script>\n<!-- \/ Yoast SEO plugin. -->","yoast_head_json":{"title":"IUBIRE (15 mg) - Alter Art","robots":{"index":"index","follow":"follow","max-snippet":"max-snippet:-1","max-image-preview":"max-image-preview:large","max-video-preview":"max-video-preview:-1"},"canonical":"https:\/\/alterart.ro\/en\/staging\/3511\/product\/iubire\/","og_locale":"en_GB","og_type":"article","og_title":"IUBIRE (15 mg) - Alter Art","og_description":"IUBIRE (15 mg)  \u00cen acest borcan o s\u0103 g\u0103siti 15 pastile(suplimente de iubire), de trei culori: roz, ro\u0219u \u00eenchis \u0219i ro\u0219u deschis.  Ce con\u021bine fircare pastil\u0103 (pe l\u00e2ng\u0103 iubire)?   roz - citate, g\u00e2nduri despre iubire  ro\u0219u \u00eenchis - activita\u021bi de f\u0103cut \u00eempreun\u0103  ro\u0219u deschis - titluri de melodii romantice  Persoana care \u021bi-a oferit asta vrea s\u0103 deschizi:   o pastil\u0103 roz: ca s\u0103 \u00ee\u021bi aminte\u0219sti c\u00e2t de mult te iube\u0219te, \u0219i c\u00e2t de important\u00e2 e iubirea  o pastil\u0103 ro\u0219u \u00eenchis: de fiecare dat\u0103 c\u00e2nd vrei s\u0103 face\u021bi ceva \u00eempreun\u0103  o pastil\u0103 ro\u0219u deschis: c\u00e2nd te cuprinde dorul sau ai nevoie s\u0103 auzi c\u00e2t de mult te iube\u0219te, cu ajutorul pieselor - dedica\u021bii  Spor la creat amintiri \u0219i distrac\u021bie pl\u0103cut\u0103!  PS: Pute\u021bi s\u0103 ne \u00eemp\u0103rt\u0103\u0219i\u021bi poze \u0219i impresii de la date, cu un tag pe: Instagram - @AlterartRo Facebook - @AlterArt TikTok - @Alterart7  Povestea Star Jar (borcanele cu stele) Cineva a spus \u201cSky is the limit\u201d, eu \u00eendr\u0103znesc s\u0103 \u00eel contrazic, \u0219i sper s\u0103 te conving \u0219i pe tine. Nu cred c\u0103 exist\u0103 limite. Noi oamenii tindem s\u0103 le cre\u0103m \u0219i s\u0103 le impunem. \u00cempreun\u0103 cu tine sper s\u0103 schimb\u0103m asta...a\u0219a \u00eencepe povestea borcanelor cu stele. Universul e \u00een continu\u0103 expansiune iar num\u0103rul stelelor se poate \u00een cel mai bun caz estima, de\u0219i ar putea la fel de bine s\u0103 fie infinit. A\u0219adar \u00ee\u021bi propun s\u0103 \u00ee\u021bi imaginezi universul ca fiind propria ta persoan\u0103 \u00eentr-o autocunoa\u0219tere \u0219i dezvoltare continu\u0103 iar stelele s\u0103-\u021bi fie lumina, speran\u021ba \u0219i motiva\u021bia ce te ghideaz\u0103 \u00een explorarea acestui univers.","og_url":"https:\/\/alterart.ro\/en\/staging\/3511\/product\/iubire\/","og_site_name":"Alter Art","article_publisher":"https:\/\/www.facebook.com\/profile.php?id=61569981352093","article_modified_time":"2025-10-13T21:44:12+00:00","og_image":[{"width":2560,"height":2116,"url":"https:\/\/alterart.ro\/staging\/3511\/wp-content\/uploads\/2025\/01\/IMG_5966-scaled.jpg","type":"image\/jpeg"}],"twitter_card":"summary_large_image","twitter_misc":{"Estimated reading time":"1 minute"},"schema":{"@context":"https:\/\/schema.org","@graph":[{"@type":"WebPage","@id":"https:\/\/alterart.ro\/staging\/3511\/product\/iubire\/","url":"https:\/\/alterart.ro\/staging\/3511\/product\/iubire\/","name":"IUBIRE (15 mg) - Alter Art","isPartOf":{"@id":"https:\/\/alterart.ro\/#website"},"primaryImageOfPage":{"@id":"https:\/\/alterart.ro\/staging\/3511\/product\/iubire\/#primaryimage"},"image":{"@id":"https:\/\/alterart.ro\/staging\/3511\/product\/iubire\/#primaryimage"},"thumbnailUrl":"https:\/\/alterart.ro\/wp-content\/uploads\/2025\/01\/IMG_5966-scaled.jpg","datePublished":"2025-01-18T09:34:31+00:00","dateModified":"2025-10-13T21:44:12+00:00","breadcrumb":{"@id":"https:\/\/alterart.ro\/staging\/3511\/product\/iubire\/#breadcrumb"},"inLanguage":"en-GB","potentialAction":[{"@type":"ReadAction","target":["https:\/\/alterart.ro\/staging\/3511\/product\/iubire\/"]}]},{"@type":"ImageObject","inLanguage":"en-GB","@id":"https:\/\/alterart.ro\/staging\/3511\/product\/iubire\/#primaryimage","url":"https:\/\/alterart.ro\/wp-content\/uploads\/2025\/01\/IMG_5966-scaled.jpg","contentUrl":"https:\/\/alterart.ro\/wp-content\/uploads\/2025\/01\/IMG_5966-scaled.jpg","width":2560,"height":2116},{"@type":"BreadcrumbList","@id":"https:\/\/alterart.ro\/staging\/3511\/product\/iubire\/#breadcrumb","itemListElement":[{"@type":"ListItem","position":1,"name":"Home","item":"https:\/\/alterart.ro\/"},{"@type":"ListItem","position":2,"name":"Store","item":"https:\/\/alterart.ro\/store\/"},{"@type":"ListItem","position":3,"name":"IUBIRE (15 mg)"}]},{"@type":"WebSite","@id":"https:\/\/alterart.ro\/#website","url":"https:\/\/alterart.ro\/","name":"AlterArt","description":"Shhh...","publisher":{"@id":"https:\/\/alterart.ro\/#organization"},"alternateName":"alterart","potentialAction":[{"@type":"SearchAction","target":{"@type":"EntryPoint","urlTemplate":"https:\/\/alterart.ro\/?s={search_term_string}"},"query-input":{"@type":"PropertyValueSpecification","valueRequired":true,"valueName":"search_term_string"}}],"inLanguage":"en-GB"},{"@type":"Organization","@id":"https:\/\/alterart.ro\/#organization","name":"AlterArt","url":"https:\/\/alterart.ro\/","logo":{"@type":"ImageObject","inLanguage":"en-GB","@id":"https:\/\/alterart.ro\/#\/schema\/logo\/image\/","url":"https:\/\/alterart.ro\/wp-content\/uploads\/2024\/10\/cropped-icon-removebg-preview-removebg-preview.png","contentUrl":"https:\/\/alterart.ro\/wp-content\/uploads\/2024\/10\/cropped-icon-removebg-preview-removebg-preview.png","width":512,"height":512,"caption":"AlterArt"},"image":{"@id":"https:\/\/alterart.ro\/#\/schema\/logo\/image\/"},"sameAs":["https:\/\/www.facebook.com\/profile.php?id=61569981352093","https:\/\/www.instagram.com\/alterartro\/profilecard\/?igsh=MXNibXh0eDFzZHh0","https:\/\/www.tiktok.com\/@alterart7?_t=8rwklGSwY3a&_r=1"]}]}},"uagb_featured_image_src":{"full":["https:\/\/alterart.ro\/wp-content\/uploads\/2025\/01\/IMG_5966-scaled.jpg",2560,2116,false],"thumbnail":["https:\/\/alterart.ro\/wp-content\/uploads\/2025\/01\/IMG_5966-150x124.jpg",150,124,true],"medium":["https:\/\/alterart.ro\/wp-content\/uploads\/2025\/01\/IMG_5966-300x248.jpg",300,248,true],"medium_large":["https:\/\/alterart.ro\/wp-content\/uploads\/2025\/01\/IMG_5966-768x635.jpg",768,635,true],"large":["https:\/\/alterart.ro\/wp-content\/uploads\/2025\/01\/IMG_5966-1024x846.jpg",1024,846,true],"1536x1536":["https:\/\/alterart.ro\/wp-content\/uploads\/2025\/01\/IMG_5966-1536x1269.jpg",1536,1269,true],"2048x2048":["https:\/\/alterart.ro\/wp-content\/uploads\/2025\/01\/IMG_5966-2048x1693.jpg",2048,1693,true],"trp-custom-language-flag":["https:\/\/alterart.ro\/wp-content\/uploads\/2025\/01\/IMG_5966-15x12.jpg",15,12,true],"woocommerce_thumbnail":["https:\/\/alterart.ro\/wp-content\/uploads\/2025\/01\/IMG_5966-300x300.jpg",300,300,true],"woocommerce_single":["https:\/\/alterart.ro\/wp-content\/uploads\/2025\/01\/IMG_5966-600x496.jpg",600,496,true],"woocommerce_gallery_thumbnail":["https:\/\/alterart.ro\/wp-content\/uploads\/2025\/01\/IMG_5966-100x100.jpg",100,100,true]},"uagb_author_info":{"display_name":"oana","author_link":"https:\/\/alterart.ro\/en\/author\/"},"uagb_comment_info":0,"uagb_excerpt":"IUBIRE (15 mg) \u00cen acest borcan o s\u0103 g\u0103siti 15 pastile(suplimente de iubire), de trei culori: roz, ro\u0219u \u00eenchis \u0219i ro\u0219u deschis. Ce con\u021bine fircare pastil\u0103 (pe l\u00e2ng\u0103 iubire)? roz - citate, g\u00e2nduri despre iubire ro\u0219u \u00eenchis - activita\u021bi de f\u0103cut \u00eempreun\u0103 ro\u0219u deschis - titluri de melodii romantice Persoana care \u021bi-a oferit asta vrea&hellip;","_links":{"self":[{"href":"https:\/\/alterart.ro\/en\/wp-json\/wp\/v2\/product\/3423","targetHints":{"allow":["GET"]}}],"collection":[{"href":"https:\/\/alterart.ro\/en\/wp-json\/wp\/v2\/product"}],"about":[{"href":"https:\/\/alterart.ro\/en\/wp-json\/wp\/v2\/types\/product"}],"wp:featuredmedia":[{"embeddable":true,"href":"https:\/\/alterart.ro\/en\/wp-json\/wp\/v2\/media\/3416"}],"wp:attachment":[{"href":"https:\/\/alterart.ro\/en\/wp-json\/wp\/v2\/media?parent=3423"}],"wp:term":[{"taxonomy":"product_brand","embeddable":true,"href":"https:\/\/alterart.ro\/en\/wp-json\/wp\/v2\/product_brand?post=3423"},{"taxonomy":"product_cat","embeddable":true,"href":"https:\/\/alterart.ro\/en\/wp-json\/wp\/v2\/product_cat?post=3423"},{"taxonomy":"product_tag","embeddable":true,"href":"https:\/\/alterart.ro\/en\/wp-json\/wp\/v2\/product_tag?post=3423"}],"curies":[{"name":"wp","href":"https:\/\/api.w.org\/{rel}","templated":true}]}}